{"id":11,"date":"2025-07-24T09:34:24","date_gmt":"2025-07-24T09:34:24","guid":{"rendered":"https:\/\/lightgray-sardine-669002.hostingersite.com\/?page_id=11"},"modified":"2026-01-23T21:41:20","modified_gmt":"2026-01-23T20:41:20","slug":"solutions","status":"publish","type":"page","link":"https:\/\/truvento.de\/de\/solutions\/","title":{"rendered":"L\u00f6sungen"},"content":{"rendered":"<div class=\"wp-block-group alignfull is-style-section-2 has-accent-3-background-color has-background has-global-padding is-layout-constrained wp-block-group-is-layout-constrained is-style-section-2--1\" style=\"margin-top:0;margin-bottom:0;padding-top:var(--wp--preset--spacing--60);padding-bottom:var(--wp--preset--spacing--60)\">\n<h1 class=\"wp-block-heading alignwide has-contrast-color has-text-color has-link-color wp-elements-325b05180387066449e8fde627af11d1\" style=\"padding-top:var(--wp--preset--spacing--40);padding-bottom:var(--wp--preset--spacing--40)\"><strong>Unsere L\u00f6sungen<\/strong><\/h1>\n\n\n\n<div class=\"wp-block-columns alignwide is-style-default is-layout-flex wp-container-core-columns-is-layout-28f84493 wp-block-columns-is-layout-flex\">\n<div class=\"wp-block-column is-layout-flow wp-block-column-is-layout-flow\">\n<figure class=\"wp-block-image size-full is-resized\" style=\"margin-bottom:24px\"><img loading=\"lazy\" decoding=\"async\" width=\"517\" height=\"656\" src=\"https:\/\/truvento.de\/wp-content\/uploads\/2025\/08\/patent-search-icon.png\" alt=\"\" class=\"wp-image-704\" style=\"aspect-ratio:3\/4;object-fit:contain;width:200px\" srcset=\"https:\/\/truvento.de\/wp-content\/uploads\/2025\/08\/patent-search-icon.png 517w, https:\/\/truvento.de\/wp-content\/uploads\/2025\/08\/patent-search-icon-236x300.png 236w, https:\/\/truvento.de\/wp-content\/uploads\/2025\/08\/patent-search-icon-9x12.png 9w\" sizes=\"auto, (max-width: 517px) 100vw, 517px\" \/><\/figure>\n\n\n\n<h3 class=\"wp-block-heading\">Recherche zum Stand der Technik<\/h3>\n\n\n\n<p class=\"has-medium-font-size translation-block\">Suchen Sie mit der KI-gest\u00fctzten Suchplattform von <strong>TRUVENTO<\/strong> nach Patenten und Patentanmeldungen aus dem Stand der Technik.<\/p>\n<\/div>\n\n\n\n<div class=\"wp-block-column is-layout-flow wp-block-column-is-layout-flow\">\n<figure class=\"wp-block-image size-full is-resized\" style=\"margin-bottom:24px\"><img loading=\"lazy\" decoding=\"async\" width=\"517\" height=\"656\" src=\"https:\/\/truvento.de\/wp-content\/uploads\/2025\/08\/claim-drafting-icon.png\" alt=\"\" class=\"wp-image-705\" style=\"aspect-ratio:3\/4;object-fit:contain;width:200px\" srcset=\"https:\/\/truvento.de\/wp-content\/uploads\/2025\/08\/claim-drafting-icon.png 517w, https:\/\/truvento.de\/wp-content\/uploads\/2025\/08\/claim-drafting-icon-236x300.png 236w, https:\/\/truvento.de\/wp-content\/uploads\/2025\/08\/claim-drafting-icon-9x12.png 9w\" sizes=\"auto, (max-width: 517px) 100vw, 517px\" \/><\/figure>\n\n\n\n<h3 class=\"wp-block-heading\">Erstellung von Anspr\u00fcchen<\/h3>\n\n\n\n<p class=\"has-medium-font-size translation-block\">Ausgehend von einer Erfindungsmeldung oder \u00e4hnlichen Informationen entwirft die <strong>TRUVENTO<\/strong>-Plattform die Anspr\u00fcche f\u00fcr die Erfindung.<\/p>\n<\/div>\n\n\n\n<div class=\"wp-block-column is-layout-flow wp-block-column-is-layout-flow\">\n<figure class=\"wp-block-image size-full is-resized\" style=\"margin-bottom:24px\"><img loading=\"lazy\" decoding=\"async\" width=\"430\" height=\"626\" src=\"https:\/\/truvento.de\/wp-content\/uploads\/2025\/08\/description-abstract-drafting-icon.png\" alt=\"\" class=\"wp-image-706\" style=\"aspect-ratio:3\/4;object-fit:contain;width:200px\" srcset=\"https:\/\/truvento.de\/wp-content\/uploads\/2025\/08\/description-abstract-drafting-icon.png 430w, https:\/\/truvento.de\/wp-content\/uploads\/2025\/08\/description-abstract-drafting-icon-206x300.png 206w, https:\/\/truvento.de\/wp-content\/uploads\/2025\/08\/description-abstract-drafting-icon-8x12.png 8w\" sizes=\"auto, (max-width: 430px) 100vw, 430px\" \/><\/figure>\n\n\n\n<h3 class=\"wp-block-heading\">Erstellung von Abstract &amp; Beschreibung<\/h3>\n\n\n\n<p class=\"has-medium-font-size translation-block\">Zus\u00e4tzlich zu den generierten Anspr\u00fcchen kann die Plattform von <strong>TRUVENTO<\/strong> eine Zusammenfassung und eine passende Beschreibung erstellen.<\/p>\n<\/div>\n<\/div>\n<\/div>\n\n\n\n<div class=\"wp-block-group alignfull is-style-section-1 has-base-background-color has-background has-global-padding is-layout-constrained wp-block-group-is-layout-constrained is-style-section-1--2\" style=\"margin-top:0;margin-bottom:0;padding-top:var(--wp--preset--spacing--60);padding-bottom:var(--wp--preset--spacing--60)\">\n<h2 class=\"wp-block-heading alignwide has-contrast-color has-text-color has-link-color wp-elements-18dceb57120211ad7661b5429875f5be\" id=\"patSearch\" style=\"padding-top:var(--wp--preset--spacing--40);padding-bottom:var(--wp--preset--spacing--40)\"><strong>Recherche zum Stand der Technik<\/strong><\/h2>\n\n\n\n<div class=\"wp-block-media-text alignwide is-stacked-on-mobile\" style=\"grid-template-columns:65% auto\"><figure class=\"wp-block-media-text__media\"><video controls src=\"https:\/\/truvento.de\/wp-content\/uploads\/2025\/08\/Research_edit_final-\u2013-Mit-Clipchamp-erstellt.mp4\"><\/video><\/figure><div class=\"wp-block-media-text__content\">\n<p class=\"is-style-default has-contrast-color has-text-color has-link-color wp-elements-a3c2a072ccc5c42af7149754d8413811\" style=\"border-style:none;border-width:0px;padding-right:var(--wp--preset--spacing--30);padding-left:var(--wp--preset--spacing--30)\">Beginnen Sie Ihre Recherche zur Patentierbarkeit oder Invalidit\u00e4t, indem Sie einen Freitext eingeben, der beispielsweise eine Erfindung und ihre technischen Merkmale beschreibt.<\/p>\n\n\n\n<p class=\"has-contrast-color has-text-color has-link-color wp-elements-d2abbb2739d0ed634382ba0cdbc518f0\" style=\"border-style:none;border-width:0px;padding-right:var(--wp--preset--spacing--30);padding-left:var(--wp--preset--spacing--30)\">Verfeinern Sie Ihre Suche, indem Sie IPC-Klassen oder Wettbewerber angeben, um die Ergebnisse zu filtern. <\/p>\n\n\n\n<p class=\"has-contrast-color has-text-color has-link-color wp-elements-c5cfebe917d9b9fb776d83a677dbe398\" style=\"border-style:none;border-width:0px;padding-right:var(--wp--preset--spacing--30);padding-left:var(--wp--preset--spacing--30)\">Analysieren Sie die Ergebnisse und vergleichen Sie sie mit Ihrem Suchziel.<\/p>\n<\/div><\/div>\n<\/div>\n\n\n\n<div class=\"wp-block-group alignfull is-style-section-1 has-accent-3-background-color has-background has-global-padding is-layout-constrained wp-block-group-is-layout-constrained is-style-section-1--3\" style=\"margin-top:0;margin-bottom:0;padding-top:var(--wp--preset--spacing--60);padding-bottom:var(--wp--preset--spacing--60)\">\n<h2 class=\"wp-block-heading alignwide\" style=\"padding-top:var(--wp--preset--spacing--40);padding-right:var(--wp--preset--spacing--40);padding-bottom:var(--wp--preset--spacing--40);padding-left:var(--wp--preset--spacing--40)\"><strong>Erstellung von Anspr\u00fcchen<\/strong><\/h2>\n\n\n\n<div class=\"wp-block-media-text alignwide has-media-on-the-right is-stacked-on-mobile\" style=\"padding-right:0;padding-left:0;grid-template-columns:auto 65%\"><div class=\"wp-block-media-text__content\">\n<p style=\"padding-top:0;padding-bottom:0\">Geben Sie eine Erfindungsbeschreibung oder einen \u00e4hnlichen Input ein, um einen Anspruchssatz zu generieren, der die wesentlichen Merkmale der Erfindung beinhaltet.<\/p>\n\n\n\n<p style=\"padding-top:0;padding-bottom:0\">Behalten Sie die Kontrolle, indem Sie die Informationen \u00fcberpr\u00fcfen und bei Bedarf weitere hinzuf\u00fcgen.<\/p>\n\n\n\n<p style=\"padding-top:0;padding-bottom:0\">Laden Sie die Anspr\u00fcche herunter oder kopieren Sie sie f\u00fcr die weitere Verwendung.<\/p>\n<\/div><figure class=\"wp-block-media-text__media\"><video controls src=\"https:\/\/truvento.de\/wp-content\/uploads\/2026\/01\/Jan26_DraftClaims_V31.mp4\"><\/video><\/figure><\/div>\n<\/div>\n\n\n\n<div class=\"wp-block-group alignfull is-style-section-1 has-base-background-color has-background has-global-padding is-layout-constrained wp-block-group-is-layout-constrained is-style-section-1--4\" style=\"margin-top:0;margin-bottom:0;padding-top:var(--wp--preset--spacing--60);padding-bottom:var(--wp--preset--spacing--60)\">\n<h2 class=\"wp-block-heading alignwide has-contrast-color has-text-color has-link-color wp-elements-62c25606d05d9ecd67cb39f8f5a4f9a0\" style=\"padding-top:var(--wp--preset--spacing--40);padding-bottom:var(--wp--preset--spacing--40)\"><strong>Erstellung von Abstract &amp; Beschreibung<\/strong><\/h2>\n\n\n\n<div class=\"wp-block-media-text alignwide is-stacked-on-mobile\" style=\"grid-template-columns:65% auto\"><figure class=\"wp-block-media-text__media\"><video controls src=\"https:\/\/truvento.de\/wp-content\/uploads\/2026\/01\/Jan26_DraftAbstrDesc.mp4\"><\/video><\/figure><div class=\"wp-block-media-text__content\">\n<p class=\"has-contrast-color has-text-color has-link-color wp-elements-0c3713fe691548edacaefca93fb50e26 translation-block\" style=\"padding-right:var(--wp--preset--spacing--30);padding-left:var(--wp--preset--spacing--30)\">Auf Grundlage von Patentanspr\u00fcchen und zus\u00e4tzlichen Informationen k\u00f6nnen Sie die <strong>TRUVENTO<\/strong>-Plattform eine Zusammenfassung und eine entsprechende Beschreibung erstellen lassen.<\/p>\n\n\n\n<p class=\"has-contrast-color has-text-color has-link-color wp-elements-08c3819fff061b50740b5923dd86c494\" style=\"padding-right:var(--wp--preset--spacing--30);padding-left:var(--wp--preset--spacing--30)\">Behalten Sie die Kontrolle, indem Sie Ihre Eingaben \u00fcberpr\u00fcfen und bei Bedarf anpassen. <\/p>\n\n\n\n<p class=\"has-contrast-color has-text-color has-link-color wp-elements-c9786b6ff53be4fdc28d22631f67c210\" style=\"padding-right:var(--wp--preset--spacing--30);padding-left:var(--wp--preset--spacing--30)\">Kopieren oder laden Sie die generierten Texte f\u00fcr Ihre weitere Verwendung herunter. <\/p>\n<\/div><\/div>\n<\/div>\n\n\n\n<p><\/p>","protected":false},"excerpt":{"rendered":"<p>Our Solutions Prior Art Search Search for prior art patents and patent applications with TRUVENTO&#8216;s AI powered search platform. Claims Drafting Starting from an invention disclosure or similar information, the TRUVENTO platform drafts the claims for the invention. Abstract &amp; Description Drafting In addition to the generated claims, let TRUVENTO&#8216;s platform generate an abstract and [&hellip;]<\/p>\n","protected":false},"author":1,"featured_media":0,"parent":0,"menu_order":0,"comment_status":"closed","ping_status":"closed","template":"","meta":{"footnotes":""},"class_list":["post-11","page","type-page","status-publish","hentry"],"yoast_head":"<!-- This site is optimized with the Yoast SEO plugin v27.5 - https:\/\/yoast.com\/product\/yoast-seo-wordpress\/ -->\n<title>Solutions - TRUVENTO<\/title>\n<meta name=\"robots\" content=\"index, follow, max-snippet:-1, max-image-preview:large, max-video-preview:-1\" \/>\n<link rel=\"canonical\" href=\"https:\/\/truvento.de\/de\/solutions\/\" \/>\n<meta property=\"og:locale\" content=\"de_DE\" \/>\n<meta property=\"og:type\" content=\"article\" \/>\n<meta property=\"og:title\" content=\"Solutions - TRUVENTO\" \/>\n<meta property=\"og:description\" content=\"Our Solutions Prior Art Search Search for prior art patents and patent applications with TRUVENTO&#8216;s AI powered search platform. Claims Drafting Starting from an invention disclosure or similar information, the TRUVENTO platform drafts the claims for the invention. Abstract &amp; Description Drafting In addition to the generated claims, let TRUVENTO&#8216;s platform generate an abstract and [&hellip;]\" \/>\n<meta property=\"og:url\" content=\"https:\/\/truvento.de\/de\/solutions\/\" \/>\n<meta property=\"og:site_name\" content=\"TRUVENTO\" \/>\n<meta property=\"article:modified_time\" content=\"2026-01-23T20:41:20+00:00\" \/>\n<meta property=\"og:image\" content=\"https:\/\/truvento.de\/wp-content\/uploads\/2025\/08\/patent-search-icon.png\" \/>\n\t<meta property=\"og:image:width\" content=\"517\" \/>\n\t<meta property=\"og:image:height\" content=\"656\" \/>\n\t<meta property=\"og:image:type\" content=\"image\/png\" \/>\n<meta name=\"twitter:card\" content=\"summary_large_image\" \/>\n<meta name=\"twitter:label1\" content=\"Gesch\u00e4tzte Lesezeit\" \/>\n\t<meta name=\"twitter:data1\" content=\"1\u00a0Minute\" \/>\n<script type=\"application\/ld+json\" class=\"yoast-schema-graph\">{\"@context\":\"https:\\\/\\\/schema.org\",\"@graph\":[{\"@type\":\"WebPage\",\"@id\":\"https:\\\/\\\/truvento.de\\\/solutions\\\/\",\"url\":\"https:\\\/\\\/truvento.de\\\/solutions\\\/\",\"name\":\"Solutions - TRUVENTO\",\"isPartOf\":{\"@id\":\"https:\\\/\\\/truvento.de\\\/#website\"},\"primaryImageOfPage\":{\"@id\":\"https:\\\/\\\/truvento.de\\\/solutions\\\/#primaryimage\"},\"image\":{\"@id\":\"https:\\\/\\\/truvento.de\\\/solutions\\\/#primaryimage\"},\"thumbnailUrl\":\"https:\\\/\\\/truvento.de\\\/wp-content\\\/uploads\\\/2025\\\/08\\\/patent-search-icon.png\",\"datePublished\":\"2025-07-24T09:34:24+00:00\",\"dateModified\":\"2026-01-23T20:41:20+00:00\",\"breadcrumb\":{\"@id\":\"https:\\\/\\\/truvento.de\\\/solutions\\\/#breadcrumb\"},\"inLanguage\":\"de\",\"potentialAction\":[{\"@type\":\"ReadAction\",\"target\":[\"https:\\\/\\\/truvento.de\\\/solutions\\\/\"]}]},{\"@type\":\"ImageObject\",\"inLanguage\":\"de\",\"@id\":\"https:\\\/\\\/truvento.de\\\/solutions\\\/#primaryimage\",\"url\":\"https:\\\/\\\/truvento.de\\\/wp-content\\\/uploads\\\/2025\\\/08\\\/patent-search-icon.png\",\"contentUrl\":\"https:\\\/\\\/truvento.de\\\/wp-content\\\/uploads\\\/2025\\\/08\\\/patent-search-icon.png\"},{\"@type\":\"BreadcrumbList\",\"@id\":\"https:\\\/\\\/truvento.de\\\/solutions\\\/#breadcrumb\",\"itemListElement\":[{\"@type\":\"ListItem\",\"position\":1,\"name\":\"Home\",\"item\":\"https:\\\/\\\/truvento.de\\\/\"},{\"@type\":\"ListItem\",\"position\":2,\"name\":\"Solutions\"}]},{\"@type\":\"WebSite\",\"@id\":\"https:\\\/\\\/truvento.de\\\/#website\",\"url\":\"https:\\\/\\\/truvento.de\\\/\",\"name\":\"TRUVENTO\",\"description\":\"\",\"publisher\":{\"@id\":\"https:\\\/\\\/truvento.de\\\/#organization\"},\"potentialAction\":[{\"@type\":\"SearchAction\",\"target\":{\"@type\":\"EntryPoint\",\"urlTemplate\":\"https:\\\/\\\/truvento.de\\\/?s={search_term_string}\"},\"query-input\":{\"@type\":\"PropertyValueSpecification\",\"valueRequired\":true,\"valueName\":\"search_term_string\"}}],\"inLanguage\":\"de\"},{\"@type\":\"Organization\",\"@id\":\"https:\\\/\\\/truvento.de\\\/#organization\",\"name\":\"TRUVENTO\",\"url\":\"https:\\\/\\\/truvento.de\\\/\",\"logo\":{\"@type\":\"ImageObject\",\"inLanguage\":\"de\",\"@id\":\"https:\\\/\\\/truvento.de\\\/#\\\/schema\\\/logo\\\/image\\\/\",\"url\":\"https:\\\/\\\/truvento.de\\\/wp-content\\\/uploads\\\/2025\\\/07\\\/logo-only-1.png\",\"contentUrl\":\"https:\\\/\\\/truvento.de\\\/wp-content\\\/uploads\\\/2025\\\/07\\\/logo-only-1.png\",\"width\":1097,\"height\":1018,\"caption\":\"TRUVENTO\"},\"image\":{\"@id\":\"https:\\\/\\\/truvento.de\\\/#\\\/schema\\\/logo\\\/image\\\/\"},\"sameAs\":[\"https:\\\/\\\/www.linkedin.com\\\/company\\\/truvento\\\/\"]}]}<\/script>\n<!-- \/ Yoast SEO plugin. -->","yoast_head_json":{"title":"Solutions - TRUVENTO","robots":{"index":"index","follow":"follow","max-snippet":"max-snippet:-1","max-image-preview":"max-image-preview:large","max-video-preview":"max-video-preview:-1"},"canonical":"https:\/\/truvento.de\/de\/solutions\/","og_locale":"de_DE","og_type":"article","og_title":"Solutions - TRUVENTO","og_description":"Our Solutions Prior Art Search Search for prior art patents and patent applications with TRUVENTO&#8216;s AI powered search platform. Claims Drafting Starting from an invention disclosure or similar information, the TRUVENTO platform drafts the claims for the invention. Abstract &amp; Description Drafting In addition to the generated claims, let TRUVENTO&#8216;s platform generate an abstract and [&hellip;]","og_url":"https:\/\/truvento.de\/de\/solutions\/","og_site_name":"TRUVENTO","article_modified_time":"2026-01-23T20:41:20+00:00","og_image":[{"width":517,"height":656,"url":"https:\/\/truvento.de\/wp-content\/uploads\/2025\/08\/patent-search-icon.png","type":"image\/png"}],"twitter_card":"summary_large_image","twitter_misc":{"Gesch\u00e4tzte Lesezeit":"1\u00a0Minute"},"schema":{"@context":"https:\/\/schema.org","@graph":[{"@type":"WebPage","@id":"https:\/\/truvento.de\/solutions\/","url":"https:\/\/truvento.de\/solutions\/","name":"Solutions - TRUVENTO","isPartOf":{"@id":"https:\/\/truvento.de\/#website"},"primaryImageOfPage":{"@id":"https:\/\/truvento.de\/solutions\/#primaryimage"},"image":{"@id":"https:\/\/truvento.de\/solutions\/#primaryimage"},"thumbnailUrl":"https:\/\/truvento.de\/wp-content\/uploads\/2025\/08\/patent-search-icon.png","datePublished":"2025-07-24T09:34:24+00:00","dateModified":"2026-01-23T20:41:20+00:00","breadcrumb":{"@id":"https:\/\/truvento.de\/solutions\/#breadcrumb"},"inLanguage":"de","potentialAction":[{"@type":"ReadAction","target":["https:\/\/truvento.de\/solutions\/"]}]},{"@type":"ImageObject","inLanguage":"de","@id":"https:\/\/truvento.de\/solutions\/#primaryimage","url":"https:\/\/truvento.de\/wp-content\/uploads\/2025\/08\/patent-search-icon.png","contentUrl":"https:\/\/truvento.de\/wp-content\/uploads\/2025\/08\/patent-search-icon.png"},{"@type":"BreadcrumbList","@id":"https:\/\/truvento.de\/solutions\/#breadcrumb","itemListElement":[{"@type":"ListItem","position":1,"name":"Home","item":"https:\/\/truvento.de\/"},{"@type":"ListItem","position":2,"name":"Solutions"}]},{"@type":"WebSite","@id":"https:\/\/truvento.de\/#website","url":"https:\/\/truvento.de\/","name":"TRUVENTO","description":"","publisher":{"@id":"https:\/\/truvento.de\/#organization"},"potentialAction":[{"@type":"SearchAction","target":{"@type":"EntryPoint","urlTemplate":"https:\/\/truvento.de\/?s={search_term_string}"},"query-input":{"@type":"PropertyValueSpecification","valueRequired":true,"valueName":"search_term_string"}}],"inLanguage":"de"},{"@type":"Organization","@id":"https:\/\/truvento.de\/#organization","name":"TRUVENTO","url":"https:\/\/truvento.de\/","logo":{"@type":"ImageObject","inLanguage":"de","@id":"https:\/\/truvento.de\/#\/schema\/logo\/image\/","url":"https:\/\/truvento.de\/wp-content\/uploads\/2025\/07\/logo-only-1.png","contentUrl":"https:\/\/truvento.de\/wp-content\/uploads\/2025\/07\/logo-only-1.png","width":1097,"height":1018,"caption":"TRUVENTO"},"image":{"@id":"https:\/\/truvento.de\/#\/schema\/logo\/image\/"},"sameAs":["https:\/\/www.linkedin.com\/company\/truvento\/"]}]}},"_links":{"self":[{"href":"https:\/\/truvento.de\/de\/wp-json\/wp\/v2\/pages\/11","targetHints":{"allow":["GET"]}}],"collection":[{"href":"https:\/\/truvento.de\/de\/wp-json\/wp\/v2\/pages"}],"about":[{"href":"https:\/\/truvento.de\/de\/wp-json\/wp\/v2\/types\/page"}],"author":[{"embeddable":true,"href":"https:\/\/truvento.de\/de\/wp-json\/wp\/v2\/users\/1"}],"replies":[{"embeddable":true,"href":"https:\/\/truvento.de\/de\/wp-json\/wp\/v2\/comments?post=11"}],"version-history":[{"count":77,"href":"https:\/\/truvento.de\/de\/wp-json\/wp\/v2\/pages\/11\/revisions"}],"predecessor-version":[{"id":1046,"href":"https:\/\/truvento.de\/de\/wp-json\/wp\/v2\/pages\/11\/revisions\/1046"}],"wp:attachment":[{"href":"https:\/\/truvento.de\/de\/wp-json\/wp\/v2\/media?parent=11"}],"curies":[{"name":"wp","href":"https:\/\/api.w.org\/{rel}","templated":true}]}}