{"id":13,"date":"2025-07-24T09:34:02","date_gmt":"2025-07-24T09:34:02","guid":{"rendered":"https:\/\/lightgray-sardine-669002.hostingersite.com\/?page_id=13"},"modified":"2026-04-13T11:30:41","modified_gmt":"2026-04-13T09:30:41","slug":"pricing","status":"publish","type":"page","link":"https:\/\/truvento.de\/de\/pricing\/","title":{"rendered":"Preise"},"content":{"rendered":"<div class=\"wp-block-group alignfull is-style-section-5 has-accent-2-color has-base-background-color has-text-color has-background has-link-color wp-elements-f9571d69eee55b2d99f6d99d52be062e has-global-padding is-layout-constrained wp-container-core-group-is-layout-061b2446 wp-block-group-is-layout-constrained is-style-section-5--1\" style=\"margin-top:0;margin-bottom:0;padding-top:var(--wp--preset--spacing--60);padding-bottom:var(--wp--preset--spacing--60)\">\n<div class=\"wp-block-group alignfull has-global-padding is-content-justification-center is-layout-constrained wp-container-core-group-is-layout-b15c80d6 wp-block-group-is-layout-constrained\">\n<div class=\"wp-block-group alignwide has-contrast-color has-text-color has-link-color wp-elements-b2de5d13f2bc1595a17d4029692f962f has-global-padding is-content-justification-left is-layout-constrained wp-container-core-group-is-layout-909a8735 wp-block-group-is-layout-constrained\">\n<h2 class=\"wp-block-heading alignfull has-contrast-color has-text-color has-link-color has-x-large-font-size wp-elements-af7e831777d171f5d1eb984609dc10de\"><strong>Pl\u00e4ne f\u00fcr alle IP-Fachleute<\/strong><\/h2>\n\n\n\n<p class=\"has-text-align-left\" style=\"margin-top:var(--wp--preset--spacing--40);margin-bottom:var(--wp--preset--spacing--40)\">Alle unsere Angebote, von einzelnen Anw\u00e4lten bis hin zu Unternehmensteams, umfassen eine sichere, DSGVO-konforme Speicherung und Datenschutzma\u00dfnahmen nach Branchenstandard.<\/p>\n\n\n\n<ul style=\"margin-top:0;margin-bottom:0;padding-top:var(--wp--preset--spacing--20);padding-bottom:var(--wp--preset--spacing--20)\" class=\"wp-block-list has-large-font-size\">\n<li class=\"translation-block\">W\u00e4hlen Sie den f\u00fcr Sie passenden Plan: monatlich oder j\u00e4hrlich.<\/li>\n\n\n\n<li class=\"translation-block\">Sparen Sie 10% mit einem Jahresplan und profitieren Sie von voller Leistung zum besten Preis.<\/li>\n\n\n\n<li class=\"translation-block\">Noch unsicher? Kontaktieren Sie uns f\u00fcr einen kostenlosen Testzeitraum!<\/li>\n<\/ul>\n\n\n\n<hr class=\"wp-block-separator has-alpha-channel-opacity\" style=\"margin-top:var(--wp--preset--spacing--40);margin-bottom:var(--wp--preset--spacing--40)\"\/>\n<\/div>\n<\/div>\n\n\n\n<h2 class=\"wp-block-heading alignwide has-contrast-color has-text-color has-link-color wp-elements-8208ca1834ef5440fcddf680ea5d9141\" style=\"margin-top:0;margin-bottom:0\">Entwurfsgenerierung<\/h2>\n\n\n\n<div class=\"wp-block-columns alignwide is-layout-flex wp-container-core-columns-is-layout-973fb823 wp-block-columns-is-layout-flex\" style=\"margin-top:0;margin-bottom:0;padding-top:var(--wp--preset--spacing--50);padding-bottom:var(--wp--preset--spacing--50)\">\n<div class=\"wp-block-column has-border-color has-accent-6-border-color has-contrast-color has-text-color has-background has-link-color wp-elements-2cd0af6f1aff3ddded85a553425f5f58 has-global-padding is-content-justification-center is-layout-constrained wp-container-core-column-is-layout-860428b2 wp-block-column-is-layout-constrained\" style=\"border-width:1px;border-radius:10px;background-color:#ffffff;padding-top:var(--wp--preset--spacing--40);padding-right:var(--wp--preset--spacing--40);padding-bottom:var(--wp--preset--spacing--40);padding-left:var(--wp--preset--spacing--40)\">\n<h2 class=\"wp-block-heading has-x-large-font-size\" id=\"single\"><strong>IP Starter<\/strong> <\/h2>\n\n\n\n<p><strong>350\u20ac \/ Monat<\/strong><\/p>\n\n\n\n<hr class=\"wp-block-separator has-text-color has-css-opacity has-background is-style-wide is-style-wide--2\" style=\"background-color:#000000;color:#000000\"\/>\n\n\n\n<ul class=\"wp-block-list has-normal-font-size\">\n<li>max. 3 Nutzer<\/li>\n\n\n\n<li>30 Entw\u00fcrfe \/ Monat enthalten *<\/li>\n\n\n\n<li>Am besten geeignet f\u00fcr unabh\u00e4ngige Patentanw\u00e4lt:innen<\/li>\n<\/ul>\n\n\n\n<div class=\"wp-block-buttons is-content-justification-center is-layout-flex wp-container-core-buttons-is-layout-d2a3880e wp-block-buttons-is-layout-flex\" style=\"margin-top:var(--wp--preset--spacing--30)\">\n<div class=\"wp-block-button has-custom-width wp-block-button__width-100\"><a class=\"wp-block-button__link has-base-color has-accent-2-background-color has-text-color has-background has-link-color wp-element-button\" href=\"https:\/\/truvento.de\/de\/contact\/\" style=\"letter-spacing:0.08px;line-height:1.2\">Kontaktieren Sie uns<\/a><\/div>\n<\/div>\n<\/div>\n\n\n\n<div class=\"wp-block-column is-style-default has-border-color has-accent-6-border-color has-accent-1-color has-text-color has-background has-link-color wp-elements-e2dcd20db646594f5a7baea91229c235 has-global-padding is-content-justification-center is-layout-constrained wp-container-core-column-is-layout-860428b2 wp-block-column-is-layout-constrained\" style=\"border-width:1px;border-radius:10px;background-color:#ffffff;padding-top:var(--wp--preset--spacing--40);padding-right:var(--wp--preset--spacing--40);padding-bottom:var(--wp--preset--spacing--40);padding-left:var(--wp--preset--spacing--40)\">\n<h2 class=\"wp-block-heading has-x-large-font-size\" id=\"single\"><strong>IP Team<\/strong> <\/h2>\n\n\n\n<p><strong>1400\u20ac \/ Monat<\/strong><\/p>\n\n\n\n<hr class=\"wp-block-separator has-text-color has-css-opacity has-background is-style-wide is-style-wide--3\" style=\"background-color:#000000;color:#000000\"\/>\n\n\n\n<ul class=\"wp-block-list has-normal-font-size\">\n<li>max. 12 Nutzer<\/li>\n\n\n\n<li>120 Entw\u00fcrfe \/ Monat enthalten *<\/li>\n\n\n\n<li>Am besten f\u00fcr kleine IP-Teams geeignet<\/li>\n<\/ul>\n\n\n\n<div class=\"wp-block-buttons is-content-justification-center is-layout-flex wp-container-core-buttons-is-layout-723ca6df wp-block-buttons-is-layout-flex\" style=\"margin-top:var(--wp--preset--spacing--30)\">\n<div class=\"wp-block-button has-custom-width wp-block-button__width-100\"><a class=\"wp-block-button__link has-base-color has-accent-2-background-color has-text-color has-background has-link-color wp-element-button\" href=\"https:\/\/truvento.de\/de\/contact\/\" style=\"letter-spacing:0.08px;line-height:1.2\">Kontaktieren Sie uns<\/a><\/div>\n<\/div>\n<\/div>\n\n\n\n<div class=\"wp-block-column has-border-color has-accent-6-border-color has-accent-1-color has-text-color has-background has-link-color wp-elements-4af20d15d09fff8be4e55726aa1bb7d6 has-global-padding is-content-justification-center is-layout-constrained wp-container-core-column-is-layout-860428b2 wp-block-column-is-layout-constrained\" style=\"border-width:1px;border-radius:10px;background-color:#ffffff;padding-top:var(--wp--preset--spacing--40);padding-right:var(--wp--preset--spacing--40);padding-bottom:var(--wp--preset--spacing--40);padding-left:var(--wp--preset--spacing--40)\">\n<h2 class=\"wp-block-heading has-x-large-font-size\" id=\"single\"><strong>IP Professional<\/strong> <\/h2>\n\n\n\n<p><strong>4500\u20ac \/ Monat<\/strong><\/p>\n\n\n\n<hr class=\"wp-block-separator has-text-color has-css-opacity has-background is-style-wide is-style-wide--4\" style=\"background-color:#000000;color:#000000\"\/>\n\n\n\n<ul class=\"wp-block-list has-normal-font-size\">\n<li>max. 50 Nutzer<\/li>\n\n\n\n<li>500 Entw\u00fcrfe \/ Monat enthalten *<\/li>\n\n\n\n<li>Optimal f\u00fcr Rechtsabteilungen &amp; Patentanwaltskanzleien<\/li>\n<\/ul>\n\n\n\n<div class=\"wp-block-buttons is-content-justification-center is-layout-flex wp-container-core-buttons-is-layout-d2a3880e wp-block-buttons-is-layout-flex\" style=\"margin-top:var(--wp--preset--spacing--30)\">\n<div class=\"wp-block-button has-custom-width wp-block-button__width-100\"><a class=\"wp-block-button__link has-base-color has-accent-2-background-color has-text-color has-background has-link-color wp-element-button\" href=\"https:\/\/truvento.de\/de\/contact\/\" style=\"letter-spacing:0.08px;line-height:1.2\">Kontaktieren Sie uns<\/a><\/div>\n<\/div>\n<\/div>\n<\/div>\n\n\n\n<p class=\"has-text-align-left has-contrast-color has-text-color has-link-color has-small-font-size wp-elements-89f65a9fa0d0ea6bdff99d11fcbd1cd3\" style=\"margin-top:var(--wp--preset--spacing--40);margin-bottom:var(--wp--preset--spacing--40)\">*H\u00f6here Nutzungslimits k\u00f6nnen beantragt werden<\/p>\n<\/div>\n\n\n\n<aside class=\"wp-block-group alignfull is-style-section-4 has-global-padding is-layout-constrained wp-container-core-group-is-layout-f0f2a97b wp-block-group-is-layout-constrained is-style-section-4--5\" style=\"margin-top:0;margin-bottom:0;padding-top:var(--wp--preset--spacing--50);padding-right:var(--wp--preset--spacing--50);padding-bottom:var(--wp--preset--spacing--50);padding-left:var(--wp--preset--spacing--50)\">\n<div class=\"wp-block-group has-contrast-color has-text-color has-link-color wp-elements-ea7d1f2b6f00f0bc863f5020f770e44f is-vertical is-content-justification-center is-layout-flex wp-container-core-group-is-layout-8778ca4a wp-block-group-is-layout-flex\" style=\"min-height:360px;margin-top:0;margin-bottom:0\">\n<h2 class=\"wp-block-heading has-text-align-center has-xx-large-font-size\">Sie sind sich nicht sicher, welches Paket f\u00fcr Sie das richtige ist?<\/h2>\n\n\n\n<p class=\"has-text-align-center is-style-text-subtitle is-style-text-subtitle--6\">Kontaktieren Sie uns \u2013 wir beraten Sie gerne.<\/p>\n\n\n\n<div style=\"height:0px\" aria-hidden=\"true\" class=\"wp-block-spacer wp-container-content-62aae154\"><\/div>\n\n\n\n<div class=\"wp-block-buttons is-content-justification-center is-layout-flex wp-container-core-buttons-is-layout-a89b3969 wp-block-buttons-is-layout-flex\">\n<div class=\"wp-block-button is-style-outline is-style-outline--7\"><a class=\"wp-block-button__link has-base-color has-accent-2-background-color has-text-color has-background has-link-color has-text-align-center wp-element-button\" href=\"https:\/\/truvento.de\/de\/contact\/\" style=\"border-style:none;border-width:0px\">Kontaktieren Sie uns<\/a><\/div>\n<\/div>\n<\/div>\n<\/aside>\n\n\n\n<p><\/p>","protected":false},"excerpt":{"rendered":"<p>Plans for Every IP Professional All our plans, from individual attorneys to corporate teams, include secure, GDPR-compliant storage and industry-standard data protection measures. Drafting Plans IP Starter 350\u20ac \/ month IP Team 1400\u20ac \/ month IP Professional 4500\u20ac \/ month *Higher limits can be requested Not sure which plan is right for you? Please contact [&hellip;]<\/p>\n","protected":false},"author":1,"featured_media":0,"parent":0,"menu_order":0,"comment_status":"closed","ping_status":"closed","template":"","meta":{"footnotes":""},"class_list":["post-13","page","type-page","status-publish","hentry"],"yoast_head":"<!-- This site is optimized with the Yoast SEO plugin v27.5 - https:\/\/yoast.com\/product\/yoast-seo-wordpress\/ -->\n<title>Pricing - TRUVENTO<\/title>\n<meta name=\"robots\" content=\"index, follow, max-snippet:-1, max-image-preview:large, max-video-preview:-1\" \/>\n<link rel=\"canonical\" href=\"https:\/\/lightgray-sardine-669002.hostingersite.com\/pricing\/\" \/>\n<meta property=\"og:locale\" content=\"de_DE\" \/>\n<meta property=\"og:type\" content=\"article\" \/>\n<meta property=\"og:title\" content=\"Pricing - TRUVENTO\" \/>\n<meta property=\"og:description\" content=\"Plans for Every IP Professional All our plans, from individual attorneys to corporate teams, include secure, GDPR-compliant storage and industry-standard data protection measures. Drafting Plans IP Starter 350\u20ac \/ month IP Team 1400\u20ac \/ month IP Professional 4500\u20ac \/ month *Higher limits can be requested Not sure which plan is right for you? Please contact [&hellip;]\" \/>\n<meta property=\"og:url\" content=\"https:\/\/lightgray-sardine-669002.hostingersite.com\/pricing\/\" \/>\n<meta property=\"og:site_name\" content=\"TRUVENTO\" \/>\n<meta property=\"article:modified_time\" content=\"2026-04-13T09:30:41+00:00\" \/>\n<meta name=\"twitter:card\" content=\"summary_large_image\" \/>\n<script type=\"application\/ld+json\" class=\"yoast-schema-graph\">{\"@context\":\"https:\\\/\\\/schema.org\",\"@graph\":[{\"@type\":\"WebPage\",\"@id\":\"https:\\\/\\\/lightgray-sardine-669002.hostingersite.com\\\/pricing\\\/\",\"url\":\"https:\\\/\\\/lightgray-sardine-669002.hostingersite.com\\\/pricing\\\/\",\"name\":\"Pricing - TRUVENTO\",\"isPartOf\":{\"@id\":\"https:\\\/\\\/truvento.de\\\/#website\"},\"datePublished\":\"2025-07-24T09:34:02+00:00\",\"dateModified\":\"2026-04-13T09:30:41+00:00\",\"breadcrumb\":{\"@id\":\"https:\\\/\\\/lightgray-sardine-669002.hostingersite.com\\\/pricing\\\/#breadcrumb\"},\"inLanguage\":\"de\",\"potentialAction\":[{\"@type\":\"ReadAction\",\"target\":[\"https:\\\/\\\/lightgray-sardine-669002.hostingersite.com\\\/pricing\\\/\"]}]},{\"@type\":\"BreadcrumbList\",\"@id\":\"https:\\\/\\\/lightgray-sardine-669002.hostingersite.com\\\/pricing\\\/#breadcrumb\",\"itemListElement\":[{\"@type\":\"ListItem\",\"position\":1,\"name\":\"Home\",\"item\":\"https:\\\/\\\/truvento.de\\\/\"},{\"@type\":\"ListItem\",\"position\":2,\"name\":\"Pricing\"}]},{\"@type\":\"WebSite\",\"@id\":\"https:\\\/\\\/truvento.de\\\/#website\",\"url\":\"https:\\\/\\\/truvento.de\\\/\",\"name\":\"TRUVENTO\",\"description\":\"\",\"publisher\":{\"@id\":\"https:\\\/\\\/truvento.de\\\/#organization\"},\"potentialAction\":[{\"@type\":\"SearchAction\",\"target\":{\"@type\":\"EntryPoint\",\"urlTemplate\":\"https:\\\/\\\/truvento.de\\\/?s={search_term_string}\"},\"query-input\":{\"@type\":\"PropertyValueSpecification\",\"valueRequired\":true,\"valueName\":\"search_term_string\"}}],\"inLanguage\":\"de\"},{\"@type\":\"Organization\",\"@id\":\"https:\\\/\\\/truvento.de\\\/#organization\",\"name\":\"TRUVENTO\",\"url\":\"https:\\\/\\\/truvento.de\\\/\",\"logo\":{\"@type\":\"ImageObject\",\"inLanguage\":\"de\",\"@id\":\"https:\\\/\\\/truvento.de\\\/#\\\/schema\\\/logo\\\/image\\\/\",\"url\":\"https:\\\/\\\/truvento.de\\\/wp-content\\\/uploads\\\/2025\\\/07\\\/logo-only-1.png\",\"contentUrl\":\"https:\\\/\\\/truvento.de\\\/wp-content\\\/uploads\\\/2025\\\/07\\\/logo-only-1.png\",\"width\":1097,\"height\":1018,\"caption\":\"TRUVENTO\"},\"image\":{\"@id\":\"https:\\\/\\\/truvento.de\\\/#\\\/schema\\\/logo\\\/image\\\/\"},\"sameAs\":[\"https:\\\/\\\/www.linkedin.com\\\/company\\\/truvento\\\/\"]}]}<\/script>\n<!-- \/ Yoast SEO plugin. -->","yoast_head_json":{"title":"Pricing - TRUVENTO","robots":{"index":"index","follow":"follow","max-snippet":"max-snippet:-1","max-image-preview":"max-image-preview:large","max-video-preview":"max-video-preview:-1"},"canonical":"https:\/\/lightgray-sardine-669002.hostingersite.com\/pricing\/","og_locale":"de_DE","og_type":"article","og_title":"Pricing - TRUVENTO","og_description":"Plans for Every IP Professional All our plans, from individual attorneys to corporate teams, include secure, GDPR-compliant storage and industry-standard data protection measures. Drafting Plans IP Starter 350\u20ac \/ month IP Team 1400\u20ac \/ month IP Professional 4500\u20ac \/ month *Higher limits can be requested Not sure which plan is right for you? Please contact [&hellip;]","og_url":"https:\/\/lightgray-sardine-669002.hostingersite.com\/pricing\/","og_site_name":"TRUVENTO","article_modified_time":"2026-04-13T09:30:41+00:00","twitter_card":"summary_large_image","schema":{"@context":"https:\/\/schema.org","@graph":[{"@type":"WebPage","@id":"https:\/\/lightgray-sardine-669002.hostingersite.com\/pricing\/","url":"https:\/\/lightgray-sardine-669002.hostingersite.com\/pricing\/","name":"Pricing - TRUVENTO","isPartOf":{"@id":"https:\/\/truvento.de\/#website"},"datePublished":"2025-07-24T09:34:02+00:00","dateModified":"2026-04-13T09:30:41+00:00","breadcrumb":{"@id":"https:\/\/lightgray-sardine-669002.hostingersite.com\/pricing\/#breadcrumb"},"inLanguage":"de","potentialAction":[{"@type":"ReadAction","target":["https:\/\/lightgray-sardine-669002.hostingersite.com\/pricing\/"]}]},{"@type":"BreadcrumbList","@id":"https:\/\/lightgray-sardine-669002.hostingersite.com\/pricing\/#breadcrumb","itemListElement":[{"@type":"ListItem","position":1,"name":"Home","item":"https:\/\/truvento.de\/"},{"@type":"ListItem","position":2,"name":"Pricing"}]},{"@type":"WebSite","@id":"https:\/\/truvento.de\/#website","url":"https:\/\/truvento.de\/","name":"TRUVENTO","description":"","publisher":{"@id":"https:\/\/truvento.de\/#organization"},"potentialAction":[{"@type":"SearchAction","target":{"@type":"EntryPoint","urlTemplate":"https:\/\/truvento.de\/?s={search_term_string}"},"query-input":{"@type":"PropertyValueSpecification","valueRequired":true,"valueName":"search_term_string"}}],"inLanguage":"de"},{"@type":"Organization","@id":"https:\/\/truvento.de\/#organization","name":"TRUVENTO","url":"https:\/\/truvento.de\/","logo":{"@type":"ImageObject","inLanguage":"de","@id":"https:\/\/truvento.de\/#\/schema\/logo\/image\/","url":"https:\/\/truvento.de\/wp-content\/uploads\/2025\/07\/logo-only-1.png","contentUrl":"https:\/\/truvento.de\/wp-content\/uploads\/2025\/07\/logo-only-1.png","width":1097,"height":1018,"caption":"TRUVENTO"},"image":{"@id":"https:\/\/truvento.de\/#\/schema\/logo\/image\/"},"sameAs":["https:\/\/www.linkedin.com\/company\/truvento\/"]}]}},"_links":{"self":[{"href":"https:\/\/truvento.de\/de\/wp-json\/wp\/v2\/pages\/13","targetHints":{"allow":["GET"]}}],"collection":[{"href":"https:\/\/truvento.de\/de\/wp-json\/wp\/v2\/pages"}],"about":[{"href":"https:\/\/truvento.de\/de\/wp-json\/wp\/v2\/types\/page"}],"author":[{"embeddable":true,"href":"https:\/\/truvento.de\/de\/wp-json\/wp\/v2\/users\/1"}],"replies":[{"embeddable":true,"href":"https:\/\/truvento.de\/de\/wp-json\/wp\/v2\/comments?post=13"}],"version-history":[{"count":38,"href":"https:\/\/truvento.de\/de\/wp-json\/wp\/v2\/pages\/13\/revisions"}],"predecessor-version":[{"id":1067,"href":"https:\/\/truvento.de\/de\/wp-json\/wp\/v2\/pages\/13\/revisions\/1067"}],"wp:attachment":[{"href":"https:\/\/truvento.de\/de\/wp-json\/wp\/v2\/media?parent=13"}],"curies":[{"name":"wp","href":"https:\/\/api.w.org\/{rel}","templated":true}]}}